{"id":68,"date":"2022-05-26T08:54:44","date_gmt":"2022-05-26T06:54:44","guid":{"rendered":"http:\/\/piaskownica9.dfirma.pl\/?page_id=68"},"modified":"2022-05-26T08:54:44","modified_gmt":"2022-05-26T06:54:44","slug":"dokumenty-dla-czlonkow-kola","status":"publish","type":"page","link":"https:\/\/piaskownica9.dfirma.pl\/index.php\/dokumenty-dla-czlonkow-kola\/","title":{"rendered":"Dokumenty dla cz\u0142onk\u00f3w ko\u0142a"},"content":{"rendered":"","protected":false},"excerpt":{"rendered":"","protected":false},"author":1,"featured_media":0,"parent":0,"menu_order":0,"comment_status":"closed","ping_status":"closed","template":"","meta":{"footnotes":""},"class_list":["post-68","page","type-page","status-publish","hentry"],"_links":{"self":[{"href":"https:\/\/piaskownica9.dfirma.pl\/index.php\/wp-json\/wp\/v2\/pages\/68","targetHints":{"allow":["GET"]}}],"collection":[{"href":"https:\/\/piaskownica9.dfirma.pl\/index.php\/wp-json\/wp\/v2\/pages"}],"about":[{"href":"https:\/\/piaskownica9.dfirma.pl\/index.php\/wp-json\/wp\/v2\/types\/page"}],"author":[{"embeddable":true,"href":"https:\/\/piaskownica9.dfirma.pl\/index.php\/wp-json\/wp\/v2\/users\/1"}],"replies":[{"embeddable":true,"href":"https:\/\/piaskownica9.dfirma.pl\/index.php\/wp-json\/wp\/v2\/comments?post=68"}],"version-history":[{"count":1,"href":"https:\/\/piaskownica9.dfirma.pl\/index.php\/wp-json\/wp\/v2\/pages\/68\/revisions"}],"predecessor-version":[{"id":69,"href":"https:\/\/piaskownica9.dfirma.pl\/index.php\/wp-json\/wp\/v2\/pages\/68\/revisions\/69"}],"wp:attachment":[{"href":"https:\/\/piaskownica9.dfirma.pl\/index.php\/wp-json\/wp\/v2\/media?parent=68"}],"curies":[{"name":"wp","href":"https:\/\/api.w.org\/{rel}","templated":true}]}}